{"id":8,"date":"2025-10-24T07:01:59","date_gmt":"2025-10-24T07:01:59","guid":{"rendered":"https:\/\/degisimmerkezi.com\/?page_id=8"},"modified":"2025-10-24T07:09:45","modified_gmt":"2025-10-24T07:09:45","slug":"biraz-degisiyoruz","status":"publish","type":"page","link":"https:\/\/degisimmerkezi.com\/","title":{"rendered":"Ba\u015fl\u0131ks\u0131z"},"content":{"rendered":"\n<h2 class=\"wp-block-heading has-text-align-center\"><strong>Biraz de\u011fi\u015fiyoruz&#8230;.<\/strong><\/h2>\n\n\n\n<p class=\"has-text-align-center\">Web sitemiz \u015fuanda haz\u0131rlan\u0131yor, daha sonra tekrar ziyaret ediniz.<\/p>\n\n\n\n<p><\/p>\n","protected":false},"excerpt":{"rendered":"<p>Biraz de\u011fi\u015fiyoruz&#8230;. Web sitemiz \u015fuanda haz\u0131rlan\u0131yor, daha sonra tekrar ziyaret ediniz.<\/p>\n","protected":false},"author":1,"featured_media":0,"parent":0,"menu_order":0,"comment_status":"closed","ping_status":"closed","template":"","meta":{"footnotes":""},"class_list":["post-8","page","type-page","status-publish","hentry","entry"],"_links":{"self":[{"href":"https:\/\/degisimmerkezi.com\/index.php?rest_route=\/wp\/v2\/pages\/8","targetHints":{"allow":["GET"]}}],"collection":[{"href":"https:\/\/degisimmerkezi.com\/index.php?rest_route=\/wp\/v2\/pages"}],"about":[{"href":"https:\/\/degisimmerkezi.com\/index.php?rest_route=\/wp\/v2\/types\/page"}],"author":[{"embeddable":true,"href":"https:\/\/degisimmerkezi.com\/index.php?rest_route=\/wp\/v2\/users\/1"}],"replies":[{"embeddable":true,"href":"https:\/\/degisimmerkezi.com\/index.php?rest_route=%2Fwp%2Fv2%2Fcomments&post=8"}],"version-history":[{"count":2,"href":"https:\/\/degisimmerkezi.com\/index.php?rest_route=\/wp\/v2\/pages\/8\/revisions"}],"predecessor-version":[{"id":17,"href":"https:\/\/degisimmerkezi.com\/index.php?rest_route=\/wp\/v2\/pages\/8\/revisions\/17"}],"wp:attachment":[{"href":"https:\/\/degisimmerkezi.com\/index.php?rest_route=%2Fwp%2Fv2%2Fmedia&parent=8"}],"curies":[{"name":"wp","href":"https:\/\/api.w.org\/{rel}","templated":true}]}}